{"id":5725,"date":"2021-12-03T18:02:15","date_gmt":"2021-12-03T21:02:15","guid":{"rendered":"https:\/\/concursodepiano.com.br\/?page_id=5725"},"modified":"2021-12-03T18:13:03","modified_gmt":"2021-12-03T21:13:03","slug":"xii-concurso-de-piano","status":"publish","type":"page","link":"https:\/\/concursodepiano.com.br\/pt\/xii-concurso-de-piano\/","title":{"rendered":"XII\u00a0Concurso de Piano"},"content":{"rendered":"\t\t<div data-elementor-type=\"wp-page\" data-elementor-id=\"5725\" class=\"elementor elementor-5725\" data-elementor-post-type=\"page\">\n\t\t\t\t\t\t<section class=\"elementor-section elementor-top-section elementor-element elementor-element-54f31cd1 elementor-section-boxed elementor-section-height-default elementor-section-height-default wpr-particle-no wpr-jarallax-no wpr-parallax-no wpr-sticky-section-no\" data-id=\"54f31cd1\" data-element_type=\"section\">\n\t\t\t\t\t\t<div class=\"elementor-container elementor-column-gap-default\">\n\t\t\t\t\t<div class=\"elementor-column elementor-col-100 elementor-top-column elementor-element elementor-element-504b9f90\" data-id=\"504b9f90\" data-element_type=\"column\">\n\t\t\t<div class=\"elementor-widget-wrap elementor-element-populated\">\n\t\t\t\t\t\t<div class=\"elementor-element elementor-element-5d4cf51 elementor-widget elementor-widget-theme-post-featured-image elementor-widget-image\" data-id=\"5d4cf51\" data-element_type=\"widget\" data-widget_type=\"theme-post-featured-image.default\">\n\t\t\t\t<div class=\"elementor-widget-container\">\n\t\t\t\t\t\t\t\t\t\t\t\t\t\t\t<img fetchpriority=\"high\" decoding=\"async\" width=\"701\" height=\"340\" src=\"https:\/\/concursodepiano.com.br\/wp-content\/uploads\/2021\/12\/Banner-XII-edicao.png\" class=\"attachment-full size-full wp-image-5666\" alt=\"\" srcset=\"https:\/\/concursodepiano.com.br\/wp-content\/uploads\/2021\/12\/Banner-XII-edicao.png 701w, https:\/\/concursodepiano.com.br\/wp-content\/uploads\/2021\/12\/Banner-XII-edicao-300x146.png 300w, https:\/\/concursodepiano.com.br\/wp-content\/uploads\/2021\/12\/Banner-XII-edicao-18x9.png 18w\" sizes=\"(max-width: 701px) 100vw, 701px\" \/>\t\t\t\t\t\t\t\t\t\t\t\t\t\t\t<\/div>\n\t\t\t\t<\/div>\n\t\t\t\t\t<\/div>\n\t\t<\/div>\n\t\t\t\t\t<\/div>\n\t\t<\/section>\n\t\t\t\t<section class=\"elementor-section elementor-top-section elementor-element elementor-element-38d1b9ff elementor-section-boxed elementor-section-height-default elementor-section-height-default wpr-particle-no wpr-jarallax-no wpr-parallax-no wpr-sticky-section-no\" data-id=\"38d1b9ff\" data-element_type=\"section\">\n\t\t\t\t\t\t<div class=\"elementor-container elementor-column-gap-default\">\n\t\t\t\t\t<div class=\"elementor-column elementor-col-100 elementor-top-column elementor-element elementor-element-75c6635b\" data-id=\"75c6635b\" data-element_type=\"column\">\n\t\t\t<div class=\"elementor-widget-wrap elementor-element-populated\">\n\t\t\t\t\t\t<div class=\"elementor-element elementor-element-5e04d1c9 elementor-widget elementor-widget-text-editor\" data-id=\"5e04d1c9\" data-element_type=\"widget\" data-widget_type=\"text-editor.default\">\n\t\t\t\t<div class=\"elementor-widget-container\">\n\t\t\t\t\t\t\t\t\t<p><strong>Vencedores do XII\u00a0Concurso de Piano &#8220;Prof\u00aa. Edna Bassetti Habith 2019<\/strong><\/p><p><strong>I Turno<\/strong><br \/><strong>1\u00b0 Lugar <\/strong>&#8211;\u00a0Gabriel de Faria Beck<br \/><strong>2\u00b0 Lugar <\/strong>&#8211;\u00a0In\u00e1cio Wildt<br \/><strong>3\u00b0 Lugar<\/strong> &#8211; Jonathan Marim Fernandes<br \/><strong>Men\u00e7\u00e3o Honrosa<\/strong> &#8211; Fernanda Rosa e Stella Brand\u00e3o<br \/><strong>Melhor int\u00e9rprete Moderno<\/strong> &#8211; In\u00e1cio Wildt<br \/><strong>Melhor int\u00e9rprete Rom\u00e2ntico<\/strong> &#8211; Stella Brand\u00e3o<br \/><strong>Melhor int\u00e9rprete de Bach<\/strong> &#8211; Lanxin Zhong<br \/><strong>Pr\u00eamio Homenageado Cl\u00e1udio Santoro<\/strong> &#8211; Gabriel de Faria Beck<br \/><strong>Pr\u00eamio Leilah Paiva<\/strong> &#8211; Stella Brand\u00e3o<\/p><p><strong>II Turno<\/strong><br \/><strong>1\u00b0 Lugar<\/strong> &#8211; Nicholas Diniz<br \/><strong>2\u00b0 Lugar<\/strong> &#8211; B\u00e1rbara Dejong<br \/><strong>3\u00b0 Lugar<\/strong> &#8211; Alex Azevedo<br \/><strong>Men\u00e7\u00e3o Honrosa<\/strong> &#8211; Victor Lins Costa, Katarina Oliveira, Jos\u00e9 Vicente Guerra e Miguel Silva<br \/><strong>Melhor int\u00e9rprete de Contempor\u00e2neo<\/strong> &#8211; Katarina Oliveira<br \/><strong>Melhor int\u00e9rprete de Bach<\/strong> &#8211; Miguel Silva<br \/><strong>Pr\u00eamio Homenageado Cl\u00e1udio Santoro<\/strong> &#8211; B\u00e1rbara Dejong<br \/><strong>Pr\u00eamio Leilah Paiva<\/strong> &#8211; Nicholas Diniz<\/p><p><strong>III Turno<\/strong><br \/><strong>1\u00b0 Lugar<\/strong> &#8211; Jordan Alexander<br \/><strong>2\u00b0 Lugar<\/strong> &#8211; Tiago Perissinotto<br \/><strong>3\u00b0 Lugar<\/strong> &#8211; Klinger Tavares<br \/><strong>Men\u00e7\u00e3o Honrosa<\/strong> &#8211; Lucca Verdi, Mateus Junqueira, Isabela Brill e Jess\u00e9 dos Santos de Souza.<br \/><strong>Revela\u00e7\u00e3o<\/strong> &#8211; Ingrid Uemura<br \/><strong>Melhor int\u00e9rprete de Compositor Moderno<\/strong> &#8211; Mattheus Versiani Cardoso de Melo.<br \/><strong>Pr\u00eamio Homenageado Cl\u00e1udio Santoro<\/strong> &#8211; Emilly Souza.<br \/><strong>Pr\u00eamio Leilah Paiva<\/strong> &#8211; Caio Henrique Vital<\/p><p>IV Turno<br \/><strong>1\u00b0 Lugar<\/strong> &#8211; Carlos Vogt<br \/><strong>2\u00b0 Lugar<\/strong> &#8211; Ciro Magnani<br \/><strong>3\u00b0 Lugar<\/strong> &#8211; Ari\u00e3 A. Yamanaka. <br \/><strong>Men\u00e7\u00e3o Honrosa<\/strong> &#8211; Leonardo de Macedo Passarelli, Luis Felipe Lima Alves de Oliveira e Ervino Rieger.<br \/><strong>Melhor int\u00e9rprete de Bach<\/strong> &#8211; Constan\u00e7a del Pilar Lecaros Ram\u00edrez.<br \/><strong>Melhor int\u00e9rprete de Compositor Moderno<\/strong> &#8211; Leonardo de Macedo Passarelli.<br \/><strong>Pr\u00eamio Homenageado Cl\u00e1udio Santoro<\/strong> &#8211; Ervino Rieger.<br \/><strong>Pr\u00eamio Leilah Paiva<\/strong> &#8211; Henrique Peixoto Rabelo.<\/p><p><strong>Banca Examinadora 2019<\/strong><br \/>Danieli Longo Benedeti<br \/>Jose Luis Juri<br \/>Luiz Senise<\/p>\t\t\t\t\t\t\t\t<\/div>\n\t\t\t\t<\/div>\n\t\t\t\t\t<\/div>\n\t\t<\/div>\n\t\t\t\t\t<\/div>\n\t\t<\/section>\n\t\t\t\t<\/div>\n\t\t","protected":false},"excerpt":{"rendered":"<p>Vencedores do XII\u00a0Concurso de Piano &#8220;Prof\u00aa. Edna Bassetti Habith 2019 I Turno 1\u00b0 Lugar &#8211;\u00a0Gabriel de Faria Beck 2\u00b0 Lugar &#8211;\u00a0In\u00e1cio Wildt 3\u00b0 Lugar &#8211; Jonathan Marim Fernandes Men\u00e7\u00e3o Honrosa &#8211; Fernanda Rosa e Stella Brand\u00e3o Melhor int\u00e9rprete Moderno &#8211; In\u00e1cio Wildt Melhor int\u00e9rprete Rom\u00e2ntico &#8211; Stella Brand\u00e3o Melhor int\u00e9rprete de Bach &#8211; Lanxin Zhong Pr\u00eamio Homenageado Cl\u00e1udio Santoro &#8211; Gabriel de Faria Beck Pr\u00eamio Leilah Paiva &#8211; Stella Brand\u00e3o II Turno 1\u00b0 Lugar &#8211; Nicholas Diniz 2\u00b0 Lugar &#8211; B\u00e1rbara Dejong 3\u00b0 Lugar &#8211; Alex Azevedo Men\u00e7\u00e3o Honrosa &#8211; Victor Lins Costa, Katarina Oliveira, Jos\u00e9 Vicente Guerra e Miguel Silva Melhor int\u00e9rprete de Contempor\u00e2neo &#8211; Katarina Oliveira Melhor int\u00e9rprete de Bach &#8211; Miguel Silva Pr\u00eamio Homenageado Cl\u00e1udio Santoro &#8211; B\u00e1rbara Dejong Pr\u00eamio Leilah Paiva &#8211; Nicholas Diniz III Turno 1\u00b0 Lugar &#8211; Jordan Alexander 2\u00b0 Lugar &#8211; Tiago Perissinotto 3\u00b0 Lugar &#8211; Klinger Tavares Men\u00e7\u00e3o Honrosa &#8211; Lucca Verdi, Mateus Junqueira, Isabela Brill e Jess\u00e9 dos Santos de Souza. Revela\u00e7\u00e3o &#8211; Ingrid Uemura Melhor int\u00e9rprete de Compositor Moderno &#8211; Mattheus Versiani Cardoso de Melo. Pr\u00eamio Homenageado Cl\u00e1udio Santoro &#8211; Emilly Souza. Pr\u00eamio Leilah Paiva &#8211; Caio Henrique Vital IV Turno 1\u00b0 Lugar &#8211; Carlos Vogt 2\u00b0 Lugar &#8211; Ciro Magnani 3\u00b0 Lugar &#8211; Ari\u00e3 A. Yamanaka. Men\u00e7\u00e3o Honrosa &#8211; Leonardo de Macedo Passarelli, Luis Felipe Lima Alves de Oliveira e Ervino Rieger. Melhor int\u00e9rprete de Bach &#8211; Constan\u00e7a del Pilar Lecaros Ram\u00edrez. Melhor int\u00e9rprete de Compositor Moderno &#8211; Leonardo de Macedo Passarelli. Pr\u00eamio Homenageado Cl\u00e1udio Santoro &#8211; Ervino Rieger. Pr\u00eamio Leilah Paiva &#8211; Henrique Peixoto Rabelo. Banca Examinadora 2019 Danieli Longo Benedeti Jose Luis Juri Luiz Senise<\/p>\n","protected":false},"author":1,"featured_media":5666,"parent":0,"menu_order":0,"comment_status":"closed","ping_status":"closed","template":"elementor_header_footer","meta":{"site-sidebar-layout":"no-sidebar","site-content-layout":"page-builder","ast-site-content-layout":"","site-content-style":"default","site-sidebar-style":"default","ast-global-header-display":"","ast-banner-title-visibility":"","ast-main-header-display":"","ast-hfb-above-header-display":"","ast-hfb-below-header-display":"","ast-hfb-mobile-header-display":"","site-post-title":"disabled","ast-breadcrumbs-content":"","ast-featured-img":"disabled","footer-sml-layout":"","theme-transparent-header-meta":"default","adv-header-id-meta":"","stick-header-meta":"","header-above-stick-meta":"","header-main-stick-meta":"","header-below-stick-meta":"","astra-migrate-meta-layouts":"default","ast-page-background-enabled":"default","ast-page-background-meta":{"desktop":{"background-color":"","background-image":"","background-repeat":"repeat","background-position":"center center","background-size":"auto","background-attachment":"scroll","background-type":"","background-media":"","overlay-type":"","overlay-color":"","overlay-opacity":"","overlay-gradient":""},"tablet":{"background-color":"","background-image":"","background-repeat":"repeat","background-position":"center center","background-size":"auto","background-attachment":"scroll","background-type":"","background-media":"","overlay-type":"","overlay-color":"","overlay-opacity":"","overlay-gradient":""},"mobile":{"background-color":"","background-image":"","background-repeat":"repeat","background-position":"center center","background-size":"auto","background-attachment":"scroll","background-type":"","background-media":"","overlay-type":"","overlay-color":"","overlay-opacity":"","overlay-gradient":""}},"ast-content-background-meta":{"desktop":{"background-color":"var(--ast-global-color-5)","background-image":"","background-repeat":"repeat","background-position":"center center","background-size":"auto","background-attachment":"scroll","background-type":"","background-media":"","overlay-type":"","overlay-color":"","overlay-opacity":"","overlay-gradient":""},"tablet":{"background-color":"var(--ast-global-color-5)","background-image":"","background-repeat":"repeat","background-position":"center center","background-size":"auto","background-attachment":"scroll","background-type":"","background-media":"","overlay-type":"","overlay-color":"","overlay-opacity":"","overlay-gradient":""},"mobile":{"background-color":"var(--ast-global-color-5)","background-image":"","background-repeat":"repeat","background-position":"center center","background-size":"auto","background-attachment":"scroll","background-type":"","background-media":"","overlay-type":"","overlay-color":"","overlay-opacity":"","overlay-gradient":""}},"footnotes":""},"class_list":["post-5725","page","type-page","status-publish","has-post-thumbnail","hentry"],"yoast_head":"<!-- This site is optimized with the Yoast SEO plugin v27.2 - https:\/\/yoast.com\/product\/yoast-seo-wordpress\/ -->\n<title>XII\u00a0Concurso de Piano - Concurso de Piano<\/title>\n<meta name=\"robots\" content=\"index, follow, max-snippet:-1, max-image-preview:large, max-video-preview:-1\" \/>\n<link rel=\"canonical\" href=\"https:\/\/concursodepiano.com.br\/pt\/xii-concurso-de-piano\/\" \/>\n<meta property=\"og:locale\" content=\"pt_BR\" \/>\n<meta property=\"og:type\" content=\"article\" \/>\n<meta property=\"og:title\" content=\"XII\u00a0Concurso de Piano - Concurso de Piano\" \/>\n<meta property=\"og:description\" content=\"Vencedores do XII\u00a0Concurso de Piano &#8220;Prof\u00aa. Edna Bassetti Habith 2019 I Turno 1\u00b0 Lugar &#8211;\u00a0Gabriel de Faria Beck 2\u00b0 Lugar &#8211;\u00a0In\u00e1cio Wildt 3\u00b0 Lugar &#8211; Jonathan Marim Fernandes Men\u00e7\u00e3o Honrosa &#8211; Fernanda Rosa e Stella Brand\u00e3o Melhor int\u00e9rprete Moderno &#8211; In\u00e1cio Wildt Melhor int\u00e9rprete Rom\u00e2ntico &#8211; Stella Brand\u00e3o Melhor int\u00e9rprete de Bach &#8211; Lanxin Zhong Pr\u00eamio Homenageado Cl\u00e1udio Santoro &#8211; Gabriel de Faria Beck Pr\u00eamio Leilah Paiva &#8211; Stella Brand\u00e3o II Turno 1\u00b0 Lugar &#8211; Nicholas Diniz 2\u00b0 Lugar &#8211; B\u00e1rbara Dejong 3\u00b0 Lugar &#8211; Alex Azevedo Men\u00e7\u00e3o Honrosa &#8211; Victor Lins Costa, Katarina Oliveira, Jos\u00e9 Vicente Guerra e Miguel Silva Melhor int\u00e9rprete de Contempor\u00e2neo &#8211; Katarina Oliveira Melhor int\u00e9rprete de Bach &#8211; Miguel Silva Pr\u00eamio Homenageado Cl\u00e1udio Santoro &#8211; B\u00e1rbara Dejong Pr\u00eamio Leilah Paiva &#8211; Nicholas Diniz III Turno 1\u00b0 Lugar &#8211; Jordan Alexander 2\u00b0 Lugar &#8211; Tiago Perissinotto 3\u00b0 Lugar &#8211; Klinger Tavares Men\u00e7\u00e3o Honrosa &#8211; Lucca Verdi, Mateus Junqueira, Isabela Brill e Jess\u00e9 dos Santos de Souza. Revela\u00e7\u00e3o &#8211; Ingrid Uemura Melhor int\u00e9rprete de Compositor Moderno &#8211; Mattheus Versiani Cardoso de Melo. Pr\u00eamio Homenageado Cl\u00e1udio Santoro &#8211; Emilly Souza. Pr\u00eamio Leilah Paiva &#8211; Caio Henrique Vital IV Turno 1\u00b0 Lugar &#8211; Carlos Vogt 2\u00b0 Lugar &#8211; Ciro Magnani 3\u00b0 Lugar &#8211; Ari\u00e3 A. Yamanaka. Men\u00e7\u00e3o Honrosa &#8211; Leonardo de Macedo Passarelli, Luis Felipe Lima Alves de Oliveira e Ervino Rieger. Melhor int\u00e9rprete de Bach &#8211; Constan\u00e7a del Pilar Lecaros Ram\u00edrez. Melhor int\u00e9rprete de Compositor Moderno &#8211; Leonardo de Macedo Passarelli. Pr\u00eamio Homenageado Cl\u00e1udio Santoro &#8211; Ervino Rieger. Pr\u00eamio Leilah Paiva &#8211; Henrique Peixoto Rabelo. Banca Examinadora 2019 Danieli Longo Benedeti Jose Luis Juri Luiz Senise\" \/>\n<meta property=\"og:url\" content=\"https:\/\/concursodepiano.com.br\/pt\/xii-concurso-de-piano\/\" \/>\n<meta property=\"og:site_name\" content=\"Concurso de Piano\" \/>\n<meta property=\"article:publisher\" content=\"https:\/\/www.facebook.com\/concursodepianoednabassettihabith\/\" \/>\n<meta property=\"article:modified_time\" content=\"2021-12-03T21:13:03+00:00\" \/>\n<meta property=\"og:image\" content=\"https:\/\/concursodepiano.com.br\/wp-content\/uploads\/2021\/12\/Banner-XII-edicao.png\" \/>\n\t<meta property=\"og:image:width\" content=\"701\" \/>\n\t<meta property=\"og:image:height\" content=\"340\" \/>\n\t<meta property=\"og:image:type\" content=\"image\/png\" \/>\n<meta name=\"twitter:card\" content=\"summary_large_image\" \/>\n<meta name=\"twitter:label1\" content=\"Est. tempo de leitura\" \/>\n\t<meta name=\"twitter:data1\" content=\"2 minutos\" \/>\n<script type=\"application\/ld+json\" class=\"yoast-schema-graph\">{\"@context\":\"https:\/\/schema.org\",\"@graph\":[{\"@type\":\"WebPage\",\"@id\":\"https:\/\/concursodepiano.com.br\/xii-concurso-de-piano\/\",\"url\":\"https:\/\/concursodepiano.com.br\/xii-concurso-de-piano\/\",\"name\":\"XII\u00a0Concurso de Piano - Concurso de Piano\",\"isPartOf\":{\"@id\":\"https:\/\/concursodepiano.com.br\/pt\/#website\"},\"primaryImageOfPage\":{\"@id\":\"https:\/\/concursodepiano.com.br\/xii-concurso-de-piano\/#primaryimage\"},\"image\":{\"@id\":\"https:\/\/concursodepiano.com.br\/xii-concurso-de-piano\/#primaryimage\"},\"thumbnailUrl\":\"https:\/\/concursodepiano.com.br\/wp-content\/uploads\/2021\/12\/Banner-XII-edicao.png\",\"datePublished\":\"2021-12-03T21:02:15+00:00\",\"dateModified\":\"2021-12-03T21:13:03+00:00\",\"breadcrumb\":{\"@id\":\"https:\/\/concursodepiano.com.br\/xii-concurso-de-piano\/#breadcrumb\"},\"inLanguage\":\"pt-BR\",\"potentialAction\":[{\"@type\":\"ReadAction\",\"target\":[\"https:\/\/concursodepiano.com.br\/xii-concurso-de-piano\/\"]}]},{\"@type\":\"ImageObject\",\"inLanguage\":\"pt-BR\",\"@id\":\"https:\/\/concursodepiano.com.br\/xii-concurso-de-piano\/#primaryimage\",\"url\":\"https:\/\/concursodepiano.com.br\/wp-content\/uploads\/2021\/12\/Banner-XII-edicao.png\",\"contentUrl\":\"https:\/\/concursodepiano.com.br\/wp-content\/uploads\/2021\/12\/Banner-XII-edicao.png\",\"width\":701,\"height\":340},{\"@type\":\"BreadcrumbList\",\"@id\":\"https:\/\/concursodepiano.com.br\/xii-concurso-de-piano\/#breadcrumb\",\"itemListElement\":[{\"@type\":\"ListItem\",\"position\":1,\"name\":\"In\u00edcio\",\"item\":\"https:\/\/concursodepiano.com.br\/\"},{\"@type\":\"ListItem\",\"position\":2,\"name\":\"XII\u00a0Concurso de Piano\"}]},{\"@type\":\"WebSite\",\"@id\":\"https:\/\/concursodepiano.com.br\/pt\/#website\",\"url\":\"https:\/\/concursodepiano.com.br\/pt\/\",\"name\":\"Concurso de Piano\",\"description\":\"XIII Concurso de Piano Edna Bassetti Habith\",\"publisher\":{\"@id\":\"https:\/\/concursodepiano.com.br\/pt\/#organization\"},\"potentialAction\":[{\"@type\":\"SearchAction\",\"target\":{\"@type\":\"EntryPoint\",\"urlTemplate\":\"https:\/\/concursodepiano.com.br\/pt\/?s={search_term_string}\"},\"query-input\":{\"@type\":\"PropertyValueSpecification\",\"valueRequired\":true,\"valueName\":\"search_term_string\"}}],\"inLanguage\":\"pt-BR\"},{\"@type\":\"Organization\",\"@id\":\"https:\/\/concursodepiano.com.br\/pt\/#organization\",\"name\":\"Concurso de Piano\",\"url\":\"https:\/\/concursodepiano.com.br\/pt\/\",\"logo\":{\"@type\":\"ImageObject\",\"inLanguage\":\"pt-BR\",\"@id\":\"https:\/\/concursodepiano.com.br\/pt\/#\/schema\/logo\/image\/\",\"url\":\"https:\/\/concursodepiano.com.br\/wp-content\/uploads\/2020\/10\/XIV-Concurso-de-Piano-Edna-1.png\",\"contentUrl\":\"https:\/\/concursodepiano.com.br\/wp-content\/uploads\/2020\/10\/XIV-Concurso-de-Piano-Edna-1.png\",\"width\":835,\"height\":134,\"caption\":\"Concurso de Piano\"},\"image\":{\"@id\":\"https:\/\/concursodepiano.com.br\/pt\/#\/schema\/logo\/image\/\"},\"sameAs\":[\"https:\/\/www.facebook.com\/concursodepianoednabassettihabith\/\"]}]}<\/script>\n<!-- \/ Yoast SEO plugin. -->","yoast_head_json":{"title":"XII\u00a0Concurso de Piano - Concurso de Piano","robots":{"index":"index","follow":"follow","max-snippet":"max-snippet:-1","max-image-preview":"max-image-preview:large","max-video-preview":"max-video-preview:-1"},"canonical":"https:\/\/concursodepiano.com.br\/pt\/xii-concurso-de-piano\/","og_locale":"pt_BR","og_type":"article","og_title":"XII\u00a0Concurso de Piano - Concurso de Piano","og_description":"Vencedores do XII\u00a0Concurso de Piano &#8220;Prof\u00aa. Edna Bassetti Habith 2019 I Turno 1\u00b0 Lugar &#8211;\u00a0Gabriel de Faria Beck 2\u00b0 Lugar &#8211;\u00a0In\u00e1cio Wildt 3\u00b0 Lugar &#8211; Jonathan Marim Fernandes Men\u00e7\u00e3o Honrosa &#8211; Fernanda Rosa e Stella Brand\u00e3o Melhor int\u00e9rprete Moderno &#8211; In\u00e1cio Wildt Melhor int\u00e9rprete Rom\u00e2ntico &#8211; Stella Brand\u00e3o Melhor int\u00e9rprete de Bach &#8211; Lanxin Zhong Pr\u00eamio Homenageado Cl\u00e1udio Santoro &#8211; Gabriel de Faria Beck Pr\u00eamio Leilah Paiva &#8211; Stella Brand\u00e3o II Turno 1\u00b0 Lugar &#8211; Nicholas Diniz 2\u00b0 Lugar &#8211; B\u00e1rbara Dejong 3\u00b0 Lugar &#8211; Alex Azevedo Men\u00e7\u00e3o Honrosa &#8211; Victor Lins Costa, Katarina Oliveira, Jos\u00e9 Vicente Guerra e Miguel Silva Melhor int\u00e9rprete de Contempor\u00e2neo &#8211; Katarina Oliveira Melhor int\u00e9rprete de Bach &#8211; Miguel Silva Pr\u00eamio Homenageado Cl\u00e1udio Santoro &#8211; B\u00e1rbara Dejong Pr\u00eamio Leilah Paiva &#8211; Nicholas Diniz III Turno 1\u00b0 Lugar &#8211; Jordan Alexander 2\u00b0 Lugar &#8211; Tiago Perissinotto 3\u00b0 Lugar &#8211; Klinger Tavares Men\u00e7\u00e3o Honrosa &#8211; Lucca Verdi, Mateus Junqueira, Isabela Brill e Jess\u00e9 dos Santos de Souza. Revela\u00e7\u00e3o &#8211; Ingrid Uemura Melhor int\u00e9rprete de Compositor Moderno &#8211; Mattheus Versiani Cardoso de Melo. Pr\u00eamio Homenageado Cl\u00e1udio Santoro &#8211; Emilly Souza. Pr\u00eamio Leilah Paiva &#8211; Caio Henrique Vital IV Turno 1\u00b0 Lugar &#8211; Carlos Vogt 2\u00b0 Lugar &#8211; Ciro Magnani 3\u00b0 Lugar &#8211; Ari\u00e3 A. Yamanaka. Men\u00e7\u00e3o Honrosa &#8211; Leonardo de Macedo Passarelli, Luis Felipe Lima Alves de Oliveira e Ervino Rieger. Melhor int\u00e9rprete de Bach &#8211; Constan\u00e7a del Pilar Lecaros Ram\u00edrez. Melhor int\u00e9rprete de Compositor Moderno &#8211; Leonardo de Macedo Passarelli. Pr\u00eamio Homenageado Cl\u00e1udio Santoro &#8211; Ervino Rieger. Pr\u00eamio Leilah Paiva &#8211; Henrique Peixoto Rabelo. Banca Examinadora 2019 Danieli Longo Benedeti Jose Luis Juri Luiz Senise","og_url":"https:\/\/concursodepiano.com.br\/pt\/xii-concurso-de-piano\/","og_site_name":"Concurso de Piano","article_publisher":"https:\/\/www.facebook.com\/concursodepianoednabassettihabith\/","article_modified_time":"2021-12-03T21:13:03+00:00","og_image":[{"width":701,"height":340,"url":"https:\/\/concursodepiano.com.br\/wp-content\/uploads\/2021\/12\/Banner-XII-edicao.png","type":"image\/png"}],"twitter_card":"summary_large_image","twitter_misc":{"Est. tempo de leitura":"2 minutos"},"schema":{"@context":"https:\/\/schema.org","@graph":[{"@type":"WebPage","@id":"https:\/\/concursodepiano.com.br\/xii-concurso-de-piano\/","url":"https:\/\/concursodepiano.com.br\/xii-concurso-de-piano\/","name":"XII\u00a0Concurso de Piano - Concurso de Piano","isPartOf":{"@id":"https:\/\/concursodepiano.com.br\/pt\/#website"},"primaryImageOfPage":{"@id":"https:\/\/concursodepiano.com.br\/xii-concurso-de-piano\/#primaryimage"},"image":{"@id":"https:\/\/concursodepiano.com.br\/xii-concurso-de-piano\/#primaryimage"},"thumbnailUrl":"https:\/\/concursodepiano.com.br\/wp-content\/uploads\/2021\/12\/Banner-XII-edicao.png","datePublished":"2021-12-03T21:02:15+00:00","dateModified":"2021-12-03T21:13:03+00:00","breadcrumb":{"@id":"https:\/\/concursodepiano.com.br\/xii-concurso-de-piano\/#breadcrumb"},"inLanguage":"pt-BR","potentialAction":[{"@type":"ReadAction","target":["https:\/\/concursodepiano.com.br\/xii-concurso-de-piano\/"]}]},{"@type":"ImageObject","inLanguage":"pt-BR","@id":"https:\/\/concursodepiano.com.br\/xii-concurso-de-piano\/#primaryimage","url":"https:\/\/concursodepiano.com.br\/wp-content\/uploads\/2021\/12\/Banner-XII-edicao.png","contentUrl":"https:\/\/concursodepiano.com.br\/wp-content\/uploads\/2021\/12\/Banner-XII-edicao.png","width":701,"height":340},{"@type":"BreadcrumbList","@id":"https:\/\/concursodepiano.com.br\/xii-concurso-de-piano\/#breadcrumb","itemListElement":[{"@type":"ListItem","position":1,"name":"In\u00edcio","item":"https:\/\/concursodepiano.com.br\/"},{"@type":"ListItem","position":2,"name":"XII\u00a0Concurso de Piano"}]},{"@type":"WebSite","@id":"https:\/\/concursodepiano.com.br\/pt\/#website","url":"https:\/\/concursodepiano.com.br\/pt\/","name":"Concurso de Piano","description":"XIII Concurso de Piano Edna Bassetti Habith","publisher":{"@id":"https:\/\/concursodepiano.com.br\/pt\/#organization"},"potentialAction":[{"@type":"SearchAction","target":{"@type":"EntryPoint","urlTemplate":"https:\/\/concursodepiano.com.br\/pt\/?s={search_term_string}"},"query-input":{"@type":"PropertyValueSpecification","valueRequired":true,"valueName":"search_term_string"}}],"inLanguage":"pt-BR"},{"@type":"Organization","@id":"https:\/\/concursodepiano.com.br\/pt\/#organization","name":"Concurso de Piano","url":"https:\/\/concursodepiano.com.br\/pt\/","logo":{"@type":"ImageObject","inLanguage":"pt-BR","@id":"https:\/\/concursodepiano.com.br\/pt\/#\/schema\/logo\/image\/","url":"https:\/\/concursodepiano.com.br\/wp-content\/uploads\/2020\/10\/XIV-Concurso-de-Piano-Edna-1.png","contentUrl":"https:\/\/concursodepiano.com.br\/wp-content\/uploads\/2020\/10\/XIV-Concurso-de-Piano-Edna-1.png","width":835,"height":134,"caption":"Concurso de Piano"},"image":{"@id":"https:\/\/concursodepiano.com.br\/pt\/#\/schema\/logo\/image\/"},"sameAs":["https:\/\/www.facebook.com\/concursodepianoednabassettihabith\/"]}]}},"_links":{"self":[{"href":"https:\/\/concursodepiano.com.br\/pt\/wp-json\/wp\/v2\/pages\/5725","targetHints":{"allow":["GET"]}}],"collection":[{"href":"https:\/\/concursodepiano.com.br\/pt\/wp-json\/wp\/v2\/pages"}],"about":[{"href":"https:\/\/concursodepiano.com.br\/pt\/wp-json\/wp\/v2\/types\/page"}],"author":[{"embeddable":true,"href":"https:\/\/concursodepiano.com.br\/pt\/wp-json\/wp\/v2\/users\/1"}],"replies":[{"embeddable":true,"href":"https:\/\/concursodepiano.com.br\/pt\/wp-json\/wp\/v2\/comments?post=5725"}],"version-history":[{"count":7,"href":"https:\/\/concursodepiano.com.br\/pt\/wp-json\/wp\/v2\/pages\/5725\/revisions"}],"predecessor-version":[{"id":5732,"href":"https:\/\/concursodepiano.com.br\/pt\/wp-json\/wp\/v2\/pages\/5725\/revisions\/5732"}],"wp:featuredmedia":[{"embeddable":true,"href":"https:\/\/concursodepiano.com.br\/pt\/wp-json\/wp\/v2\/media\/5666"}],"wp:attachment":[{"href":"https:\/\/concursodepiano.com.br\/pt\/wp-json\/wp\/v2\/media?parent=5725"}],"curies":[{"name":"wp","href":"https:\/\/api.w.org\/{rel}","templated":true}]}}